{"id":71682,"date":"2024-10-20T14:45:19","date_gmt":"2024-10-20T14:45:19","guid":{"rendered":"https:\/\/www.kurcelik.com.tr\/our-values\/"},"modified":"2025-02-09T20:27:11","modified_gmt":"2025-02-09T20:27:11","slug":"our-values","status":"publish","type":"page","link":"https:\/\/www.kurcelik.com.tr\/en\/about-us\/our-values\/","title":{"rendered":"Our Values"},"content":{"rendered":"<p>As <strong>KUR\u00c7EL\u0130K Makina A.\u015e.<\/strong>, our success is based on the values we have adopted. While these values guide the daily business life of our employees, they also guide us in our relations with our business partners and customers. Our way of doing business is shaped not only by technical excellence, but also by ethical and social responsibilities. Below you can find our core values that define our approach to doing business and differentiate Kur\u00c7elik:   <\/p>\n<p><strong>Being Honest and Fair<\/strong><br \/>\nWe always conduct our business with honesty, openness and transparency. We take a fair and reliable stance in our relationships with our customers, suppliers and employees. We believe that building a business partnership based on trust is the key to sustainable success.  <\/p>\n<p><strong>Customer and Solution Oriented Approach<\/strong><br \/>\nOur priority is to understand the needs and expectations of our customers and to shape our solutions to provide the highest added value to their businesses. Our biggest goal is to stay in constant communication with our customers and contribute to their success. <\/p>\n<p><strong>Perfectionism<\/strong><br \/>\nOur goal of reaching the best in every field ensures that we never ignore quality while doing our job. From our production processes to our customer relations, we work relentlessly to achieve perfection at every stage. <\/p>\n<p><strong>Adaptability and Flexibility<\/strong><br \/>\nBeing able to adapt quickly and effectively to changing conditions ensures flexibility both in our internal processes and in the services we offer to our customers. We aim to build long-term relationships by adapting to the changing needs of our business partners. <\/p>\n<p><strong>Change and Continuous Development<\/strong><br \/>\nContinuous learning and development is a critical element for both individual and corporate success. We constantly renew ourselves by following new technologies, ways of doing business and developments. Being open to change makes us prepared for the future.  <\/p>\n<p><strong>Effective Communication<\/strong><br \/>\nHealthy communication is one of the cornerstones of our business relationships. We communicate openly, clearly and effectively with both our internal and external stakeholders. Good communication ensures the successful progress of our business processes and projects.  <\/p>\n<p><strong>Cooperation and Team Spirit<\/strong><br \/>\nWe achieve success as a team, not individually. Team spirit and cooperation play a critical role in achieving our company&#8217;s goals. We work to achieve the best results by bringing together different perspectives and expertise.  <\/p>\n<p><strong>Being Responsible<\/strong><br \/>\nWe act with a sense of responsibility in everything we do. We keep our promises both individually and corporately, work within the framework of high standards and stand behind the results. <\/p>\n<p><strong>Contribution to Society<\/strong><br \/>\nWe aim to add value to the communities in which we live and work. Being beneficial to society not only in the business world but also through social responsibility projects is one of our most important values that make us who we are. <\/p>\n<p><strong>Gratitude<\/strong><br \/>\nWe owe our success not only to ourselves but also to the people we work with, our customers and business partners. With this awareness, we take care to do business with a sense of gratitude and share our achievements. <\/p>\n<p><strong>Respecting Our Employees, Environment and Society<\/strong><br \/>\nThe safety and well-being of our employees, environmental sensitivity and respect for society are values that we always prioritize in our business processes. While developing sustainable business models that do not harm nature, we always strive to fulfill our responsibilities towards society. <\/p>\n<p><strong>Courtesy and Humility<\/strong><br \/>\nWe build respectful relationships with colleagues and customers alike, maintaining courtesy and humility in all situations. While we celebrate our achievements with great enthusiasm, we always aim to remain humble. <\/p>\n<p><strong>Conclusion<\/strong> As <a href=\"http:\/\/www.kurcelik.com.tr\">KUR\u00c7EL\u0130K<\/a>, we place these values at the heart of our business. By adhering to these values at every step, we are moving towards our goal of being a pioneer in our sector. If you think you have the same values as us, our door is always open to you.  <\/p>\n","protected":false},"excerpt":{"rendered":"<p>As KUR\u00c7EL\u0130K Makina A.\u015e., our success is based on the values we have adopted. While these values guide the daily business life of our employees, they also guide us in our relations with our business partners and customers. Our way of doing business is shaped not only by technical excellence, but also by ethical and [&hellip;]<\/p>\n","protected":false},"author":1,"featured_media":71592,"parent":71736,"menu_order":0,"comment_status":"closed","ping_status":"closed","template":"","meta":{"_acf_changed":false,"footnotes":""},"class_list":["post-71682","page","type-page","status-publish","has-post-thumbnail","hentry"],"acf":[],"yoast_head":"<!-- This site is optimized with the Yoast SEO plugin v24.2 - https:\/\/yoast.com\/wordpress\/plugins\/seo\/ -->\n<title>Our Values<\/title>\n<meta name=\"description\" content=\"Kur\u00e7elik A.\u015e. Our Values\" \/>\n<meta name=\"robots\" content=\"index, follow, max-snippet:-1, max-image-preview:large, max-video-preview:-1\" \/>\n<link rel=\"canonical\" href=\"https:\/\/www.kurcelik.com.tr\/en\/about-us\/our-values\/\" \/>\n<meta property=\"og:locale\" content=\"en_US\" \/>\n<meta property=\"og:type\" content=\"article\" \/>\n<meta property=\"og:title\" content=\"Our Values\" \/>\n<meta property=\"og:description\" content=\"Kur\u00e7elik A.\u015e. Our Values\" \/>\n<meta property=\"og:url\" content=\"https:\/\/www.kurcelik.com.tr\/en\/about-us\/our-values\/\" \/>\n<meta property=\"og:site_name\" content=\"KURCELIK\" \/>\n<meta property=\"article:publisher\" content=\"https:\/\/www.facebook.com\/p\/Kurelik-A-100066918174298\" \/>\n<meta property=\"article:modified_time\" content=\"2025-02-09T20:27:11+00:00\" \/>\n<meta property=\"og:image\" content=\"https:\/\/www.kurcelik.com.tr\/wp-content\/uploads\/2024\/11\/degerlerimiz_bg.jpg\" \/>\n\t<meta property=\"og:image:width\" content=\"1500\" \/>\n\t<meta property=\"og:image:height\" content=\"650\" \/>\n\t<meta property=\"og:image:type\" content=\"image\/jpeg\" \/>\n<meta name=\"twitter:card\" content=\"summary_large_image\" \/>\n<meta name=\"twitter:site\" content=\"@kurcelikmachine\" \/>\n<meta name=\"twitter:label1\" content=\"Est. reading time\" \/>\n\t<meta name=\"twitter:data1\" content=\"3 minutes\" \/>\n<script type=\"application\/ld+json\" class=\"yoast-schema-graph\">{\"@context\":\"https:\/\/schema.org\",\"@graph\":[{\"@type\":\"WebPage\",\"@id\":\"https:\/\/www.kurcelik.com.tr\/en\/about-us\/our-values\/\",\"url\":\"https:\/\/www.kurcelik.com.tr\/en\/about-us\/our-values\/\",\"name\":\"Our Values\",\"isPartOf\":{\"@id\":\"https:\/\/www.kurcelik.com.tr\/en\/#website\"},\"primaryImageOfPage\":{\"@id\":\"https:\/\/www.kurcelik.com.tr\/en\/about-us\/our-values\/#primaryimage\"},\"image\":{\"@id\":\"https:\/\/www.kurcelik.com.tr\/en\/about-us\/our-values\/#primaryimage\"},\"thumbnailUrl\":\"https:\/\/www.kurcelik.com.tr\/wp-content\/uploads\/2024\/11\/degerlerimiz_bg.jpg\",\"datePublished\":\"2024-10-20T14:45:19+00:00\",\"dateModified\":\"2025-02-09T20:27:11+00:00\",\"description\":\"Kur\u00e7elik A.\u015e. Our Values\",\"breadcrumb\":{\"@id\":\"https:\/\/www.kurcelik.com.tr\/en\/about-us\/our-values\/#breadcrumb\"},\"inLanguage\":\"en-US\",\"potentialAction\":[{\"@type\":\"ReadAction\",\"target\":[\"https:\/\/www.kurcelik.com.tr\/en\/about-us\/our-values\/\"]}]},{\"@type\":\"ImageObject\",\"inLanguage\":\"en-US\",\"@id\":\"https:\/\/www.kurcelik.com.tr\/en\/about-us\/our-values\/#primaryimage\",\"url\":\"https:\/\/www.kurcelik.com.tr\/wp-content\/uploads\/2024\/11\/degerlerimiz_bg.jpg\",\"contentUrl\":\"https:\/\/www.kurcelik.com.tr\/wp-content\/uploads\/2024\/11\/degerlerimiz_bg.jpg\",\"width\":1500,\"height\":650},{\"@type\":\"BreadcrumbList\",\"@id\":\"https:\/\/www.kurcelik.com.tr\/en\/about-us\/our-values\/#breadcrumb\",\"itemListElement\":[{\"@type\":\"ListItem\",\"position\":1,\"name\":\"Home\",\"item\":\"https:\/\/www.kurcelik.com.tr\/en\/home-page\/\"},{\"@type\":\"ListItem\",\"position\":2,\"name\":\"About Us\",\"item\":\"https:\/\/www.kurcelik.com.tr\/en\/about-us\/\"},{\"@type\":\"ListItem\",\"position\":3,\"name\":\"Our Values\"}]},{\"@type\":\"WebSite\",\"@id\":\"https:\/\/www.kurcelik.com.tr\/en\/#website\",\"url\":\"https:\/\/www.kurcelik.com.tr\/en\/\",\"name\":\"Kurcelik\",\"description\":\"Kurcelik\",\"publisher\":{\"@id\":\"https:\/\/www.kurcelik.com.tr\/en\/#organization\"},\"potentialAction\":[{\"@type\":\"SearchAction\",\"target\":{\"@type\":\"EntryPoint\",\"urlTemplate\":\"https:\/\/www.kurcelik.com.tr\/en\/?s={search_term_string}\"},\"query-input\":{\"@type\":\"PropertyValueSpecification\",\"valueRequired\":true,\"valueName\":\"search_term_string\"}}],\"inLanguage\":\"en-US\"},{\"@type\":\"Organization\",\"@id\":\"https:\/\/www.kurcelik.com.tr\/en\/#organization\",\"name\":\"Kurcelik\",\"url\":\"https:\/\/www.kurcelik.com.tr\/en\/\",\"logo\":{\"@type\":\"ImageObject\",\"inLanguage\":\"en-US\",\"@id\":\"https:\/\/www.kurcelik.com.tr\/en\/#\/schema\/logo\/image\/\",\"url\":\"\",\"contentUrl\":\"\",\"caption\":\"Kurcelik\"},\"image\":{\"@id\":\"https:\/\/www.kurcelik.com.tr\/en\/#\/schema\/logo\/image\/\"},\"sameAs\":[\"https:\/\/www.facebook.com\/p\/Kurelik-A-100066918174298\",\"https:\/\/x.com\/kurcelikmachine\",\"https:\/\/www.linkedin.com\/company\/kurelik-makina-a-\",\"https:\/\/www.instagram.com\/kurcelikmakine\"]}]}<\/script>\n<!-- \/ Yoast SEO plugin. -->","yoast_head_json":{"title":"Our Values","description":"Kur\u00e7elik A.\u015e. Our Values","robots":{"index":"index","follow":"follow","max-snippet":"max-snippet:-1","max-image-preview":"max-image-preview:large","max-video-preview":"max-video-preview:-1"},"canonical":"https:\/\/www.kurcelik.com.tr\/en\/about-us\/our-values\/","og_locale":"en_US","og_type":"article","og_title":"Our Values","og_description":"Kur\u00e7elik A.\u015e. Our Values","og_url":"https:\/\/www.kurcelik.com.tr\/en\/about-us\/our-values\/","og_site_name":"KURCELIK","article_publisher":"https:\/\/www.facebook.com\/p\/Kurelik-A-100066918174298","article_modified_time":"2025-02-09T20:27:11+00:00","og_image":[{"width":1500,"height":650,"url":"https:\/\/www.kurcelik.com.tr\/wp-content\/uploads\/2024\/11\/degerlerimiz_bg.jpg","type":"image\/jpeg"}],"twitter_card":"summary_large_image","twitter_site":"@kurcelikmachine","twitter_misc":{"Est. reading time":"3 minutes"},"schema":{"@context":"https:\/\/schema.org","@graph":[{"@type":"WebPage","@id":"https:\/\/www.kurcelik.com.tr\/en\/about-us\/our-values\/","url":"https:\/\/www.kurcelik.com.tr\/en\/about-us\/our-values\/","name":"Our Values","isPartOf":{"@id":"https:\/\/www.kurcelik.com.tr\/en\/#website"},"primaryImageOfPage":{"@id":"https:\/\/www.kurcelik.com.tr\/en\/about-us\/our-values\/#primaryimage"},"image":{"@id":"https:\/\/www.kurcelik.com.tr\/en\/about-us\/our-values\/#primaryimage"},"thumbnailUrl":"https:\/\/www.kurcelik.com.tr\/wp-content\/uploads\/2024\/11\/degerlerimiz_bg.jpg","datePublished":"2024-10-20T14:45:19+00:00","dateModified":"2025-02-09T20:27:11+00:00","description":"Kur\u00e7elik A.\u015e. Our Values","breadcrumb":{"@id":"https:\/\/www.kurcelik.com.tr\/en\/about-us\/our-values\/#breadcrumb"},"inLanguage":"en-US","potentialAction":[{"@type":"ReadAction","target":["https:\/\/www.kurcelik.com.tr\/en\/about-us\/our-values\/"]}]},{"@type":"ImageObject","inLanguage":"en-US","@id":"https:\/\/www.kurcelik.com.tr\/en\/about-us\/our-values\/#primaryimage","url":"https:\/\/www.kurcelik.com.tr\/wp-content\/uploads\/2024\/11\/degerlerimiz_bg.jpg","contentUrl":"https:\/\/www.kurcelik.com.tr\/wp-content\/uploads\/2024\/11\/degerlerimiz_bg.jpg","width":1500,"height":650},{"@type":"BreadcrumbList","@id":"https:\/\/www.kurcelik.com.tr\/en\/about-us\/our-values\/#breadcrumb","itemListElement":[{"@type":"ListItem","position":1,"name":"Home","item":"https:\/\/www.kurcelik.com.tr\/en\/home-page\/"},{"@type":"ListItem","position":2,"name":"About Us","item":"https:\/\/www.kurcelik.com.tr\/en\/about-us\/"},{"@type":"ListItem","position":3,"name":"Our Values"}]},{"@type":"WebSite","@id":"https:\/\/www.kurcelik.com.tr\/en\/#website","url":"https:\/\/www.kurcelik.com.tr\/en\/","name":"Kurcelik","description":"Kurcelik","publisher":{"@id":"https:\/\/www.kurcelik.com.tr\/en\/#organization"},"potentialAction":[{"@type":"SearchAction","target":{"@type":"EntryPoint","urlTemplate":"https:\/\/www.kurcelik.com.tr\/en\/?s={search_term_string}"},"query-input":{"@type":"PropertyValueSpecification","valueRequired":true,"valueName":"search_term_string"}}],"inLanguage":"en-US"},{"@type":"Organization","@id":"https:\/\/www.kurcelik.com.tr\/en\/#organization","name":"Kurcelik","url":"https:\/\/www.kurcelik.com.tr\/en\/","logo":{"@type":"ImageObject","inLanguage":"en-US","@id":"https:\/\/www.kurcelik.com.tr\/en\/#\/schema\/logo\/image\/","url":"","contentUrl":"","caption":"Kurcelik"},"image":{"@id":"https:\/\/www.kurcelik.com.tr\/en\/#\/schema\/logo\/image\/"},"sameAs":["https:\/\/www.facebook.com\/p\/Kurelik-A-100066918174298","https:\/\/x.com\/kurcelikmachine","https:\/\/www.linkedin.com\/company\/kurelik-makina-a-","https:\/\/www.instagram.com\/kurcelikmakine"]}]}},"_links":{"self":[{"href":"https:\/\/www.kurcelik.com.tr\/en\/wp-json\/wp\/v2\/pages\/71682","targetHints":{"allow":["GET"]}}],"collection":[{"href":"https:\/\/www.kurcelik.com.tr\/en\/wp-json\/wp\/v2\/pages"}],"about":[{"href":"https:\/\/www.kurcelik.com.tr\/en\/wp-json\/wp\/v2\/types\/page"}],"author":[{"embeddable":true,"href":"https:\/\/www.kurcelik.com.tr\/en\/wp-json\/wp\/v2\/users\/1"}],"replies":[{"embeddable":true,"href":"https:\/\/www.kurcelik.com.tr\/en\/wp-json\/wp\/v2\/comments?post=71682"}],"version-history":[{"count":1,"href":"https:\/\/www.kurcelik.com.tr\/en\/wp-json\/wp\/v2\/pages\/71682\/revisions"}],"predecessor-version":[{"id":71739,"href":"https:\/\/www.kurcelik.com.tr\/en\/wp-json\/wp\/v2\/pages\/71682\/revisions\/71739"}],"up":[{"embeddable":true,"href":"https:\/\/www.kurcelik.com.tr\/en\/wp-json\/wp\/v2\/pages\/71736"}],"wp:featuredmedia":[{"embeddable":true,"href":"https:\/\/www.kurcelik.com.tr\/en\/wp-json\/wp\/v2\/media\/71592"}],"wp:attachment":[{"href":"https:\/\/www.kurcelik.com.tr\/en\/wp-json\/wp\/v2\/media?parent=71682"}],"curies":[{"name":"wp","href":"https:\/\/api.w.org\/{rel}","templated":true}]}}