{"id":71688,"date":"2015-11-26T14:00:53","date_gmt":"2015-11-26T14:00:53","guid":{"rendered":"https:\/\/www.kurcelik.com.tr\/downloads\/"},"modified":"2025-02-09T20:26:56","modified_gmt":"2025-02-09T20:26:56","slug":"downloads","status":"publish","type":"page","link":"https:\/\/www.kurcelik.com.tr\/en\/downloads\/","title":{"rendered":"Downloads"},"content":{"rendered":"<p>[vc_row type=&#8221;container&#8221; padding_top=&#8221;&#8221; padding_bottom=&#8221;&#8221; css=&#8221;.vc_custom_1451769709272{margin-bottom: 20px !important;padding-top: 30px !important;}&#8221;][vc_column width=&#8221;1\/6&#8243;][\/vc_column][vc_column width=&#8221;2\/3&#8243;][vc_column_text]<\/p>\n<h2 style=\"text-align: center;\">Documentation Archive<\/h2>\n<p style=\"text-align: center;\">Download and view our brochures and guides offline. You may need a PDF reader such as <a href=\"https:\/\/get.adobe.com\/reader\/\">Adobe Acrobat<\/a> installed on your Mac or PC to view them.<\/p>\n<p>[\/vc_column_text][\/vc_column][vc_column width=&#8221;1\/6&#8243;][\/vc_column][\/vc_row][vc_row type=&#8221;container&#8221; padding_top=&#8221;&#8221; padding_bottom=&#8221;&#8221; css=&#8221;.vc_custom_1448554138292{margin-bottom: 0px !important;}&#8221;][vc_column width=&#8221;1\/2&#8243; el_class=&#8221;download&#8221; css=&#8221;.vc_custom_1448899402866{margin-bottom: 35px !important;}&#8221;][vc_raw_html]PGkgY2xhc3M9Imlvbi1pb3MtY29weS1vdXRsaW5lIj48L2k+[\/vc_raw_html][vc_column_text css=&#8221;.vc_custom_1732035495711{margin-bottom: 10px !important;}&#8221;]<\/p>\n<h4><a href=\"https:\/\/kurcelik.com.tr\/wp-content\/uploads\/2024\/11\/Katalog-1.pdf\">KUR\u00c7EL\u0130K Machine Productions Catalog &#8211; 1<\/a><\/h4>\n<p>Click to download our catalog to examine our KUR\u00c7EL\u0130K Machine production solutions in detail.<\/p>\n<p><small style=\"color: #999999;\"><a href=\"https:\/\/kurcelik.com.tr\/wp-content\/uploads\/2024\/11\/Katalog-1.pdf\">Catalog-1~<\/a> PDF (2.26 Mb)<\/small>[\/vc_column_text][\/vc_column][vc_column width=&#8221;1\/2&#8243; el_class=&#8221;download&#8221; css=&#8221;.vc_custom_1448899411161{margin-bottom: 35px !important;}&#8221;][vc_raw_html]PGkgY2xhc3M9Imlvbi1pb3MtY29weS1vdXRsaW5lIj48L2k+[\/vc_raw_html][vc_column_text css=&#8221;.vc_custom_1732035508543{margin-bottom: 10px !important;}&#8221;]<\/p>\n<h4><a href=\"https:\/\/kurcelik.com.tr\/wp-content\/uploads\/2024\/11\/Katalog-Devam-2.pdf\">KUR\u00c7EL\u0130K Machine Productions Catalog -2<\/a><\/h4>\n<p>KUR\u00c7EL\u0130K Machine 2 of our catalog of our production solutions. Click here to download for a detailed review.<\/p>\n<p><small style=\"color: #999999;\"><a href=\"https:\/\/kurcelik.com.tr\/wp-content\/uploads\/2024\/11\/Katalog-Devam-2.pdf\">Catalog-2~<\/a> PDF (2.46 Mb)<\/small>[\/vc_column_text][\/vc_column][\/vc_row][vc_row type=&#8221;container&#8221; padding_top=&#8221;&#8221; padding_bottom=&#8221;&#8221; css=&#8221;.vc_custom_1448553755216{margin-bottom: 0px !important;}&#8221;][vc_column width=&#8221;1\/2&#8243; el_class=&#8221;download&#8221; css=&#8221;.vc_custom_1448899429288{margin-bottom: 35px !important;}&#8221;][vc_raw_html]PGkgY2xhc3M9Imlvbi1pb3MtY29weS1vdXRsaW5lIj48L2k+[\/vc_raw_html][vc_column_text css=&#8221;.vc_custom_1737304969585{margin-bottom: 10px !important;}&#8221;]<\/p>\n<h4><a href=\"https:\/\/www.kurcelik.com.tr\/wp-content\/uploads\/2025\/01\/kurcelik_firma_kunyesi.pdf\">KUR\u00c7EL\u0130K A.\u015e. Company Information<\/a><\/h4>\n<p>To review KUR\u00c7EL\u0130K&#8217;s company imprint and to access detailed information about our company, <strong>click here to download our imprint<\/strong>.<\/p>\n<p><small style=\"color: #999999;\"><small style=\"color: #999999;\"><a href=\"https:\/\/www.kurcelik.com.tr\/wp-content\/uploads\/2025\/01\/kurcelik_firma_kunyesi.pdf\">KUR\u00c7EL\u0130K Company_Kunyesi<\/a><\/small> ~ PDF (210KB)<\/small>[\/vc_column_text][\/vc_column][vc_column width=&#8221;1\/2&#8243; el_class=&#8221;download&#8221; css=&#8221;.vc_custom_1448899436939{margin-bottom: 35px !important;}&#8221;][vc_raw_html]PGkgY2xhc3M9Imlvbi1pb3MtY29weS1vdXRsaW5lIj48L2k+[\/vc_raw_html][vc_column_text css=&#8221;.vc_custom_1732035564179{margin-bottom: 10px !important;}&#8221;]<\/p>\n<h4><a href=\"https:\/\/kurcelik.com.tr\/wp-content\/uploads\/2024\/11\/Kurcelik_Misyon_Vizyon_Bildirgesi.pdf\">KUR\u00c7EL\u0130K Mission, Vision and Values<\/a><\/h4>\n<p>Click here to download our documentation including our mission, vision, mantra and values.<\/p>\n<p><small style=\"color: #999999;\"><a href=\"https:\/\/kurcelik.com.tr\/wp-content\/uploads\/2024\/11\/Kurcelik_Misyon_Vizyon_Bildirgesi.pdf\">KUR\u00c7EL\u0130K_Mission_Vision_Declaration~<\/a> PDF (590KB)<\/small>[\/vc_column_text][\/vc_column][\/vc_row][vc_row type=&#8221;container&#8221; padding_top=&#8221;&#8221; padding_bottom=&#8221;&#8221; css=&#8221;.vc_custom_1448898008970{margin-bottom: 60px !important;}&#8221;][vc_column width=&#8221;1\/2&#8243; el_class=&#8221;download&#8221;][vc_raw_html]PGkgY2xhc3M9Imlvbi1pb3MtY29weS1vdXRsaW5lIj48L2k+[\/vc_raw_html][vc_column_text css=&#8221;.vc_custom_1732035578912{margin-bottom: 10px !important;}&#8221;]<\/p>\n<h4><a href=\"https:\/\/kurcelik.com.tr\/wp-content\/uploads\/2024\/11\/Kurcelik_ISO_Sertifikalarimiz.pdf\">ISO Certificates<\/a><\/h4>\n<p>Click here to access our ISO 9001, 10002 and 45001 certificates.<\/p>\n<p><small style=\"color: #999999;\"><a href=\"https:\/\/kurcelik.com.tr\/wp-content\/uploads\/2024\/11\/Kurcelik_ISO_Sertifikalarimiz.pdf\">KUR\u00c7EL\u0130K ISO_Certificates~<\/a> PDF (190KB)<\/small>[\/vc_column_text][\/vc_column][vc_column width=&#8221;1\/2&#8243; el_class=&#8221;download&#8221;][vc_raw_html]PGkgY2xhc3M9Imlvbi1pb3MtY29weS1vdXRsaW5lIj48L2k+[\/vc_raw_html][vc_column_text css=&#8221;.vc_custom_1732035592243{margin-bottom: 10px !important;}&#8221;]<\/p>\n<h4><a href=\"https:\/\/kurcelik.com.tr\/wp-content\/uploads\/2024\/11\/Kurcelik_CE_Sertikalarimiz.pdf\">CE Certificates<\/a><\/h4>\n<p>Click here to access our CE certificates for the products we produce.<\/p>\n<p><small style=\"color: #999999;\"><a href=\"https:\/\/kurcelik.com.tr\/wp-content\/uploads\/2024\/11\/Kurcelik_CE_Sertikalarimiz.pdf\">KUR\u00c7EL\u0130K_CE_Sertikalar\u0131m\u0131z~<\/a> PDF (180KB)<\/small>[\/vc_column_text][\/vc_column][\/vc_row][vc_row type=&#8221;container&#8221;][vc_column width=&#8221;1\/2&#8243; el_class=&#8221;download&#8221;][vc_raw_html]PGkgY2xhc3M9Imlvbi1pb3MtY29weS1vdXRsaW5lIj48L2k+[\/vc_raw_html][vc_column_text css=&#8221;.vc_custom_1735560645104{margin-bottom: 10px !important;}&#8221;]<\/p>\n<h4><a href=\"https:\/\/www.kurcelik.com.tr\/wp-content\/uploads\/2024\/12\/Uygunluk-Sertifikasi.pdf\">Certificates of Conformity<\/a><\/h4>\n<p>Click here to access our certificates of conformity.<\/p>\n<p><small style=\"color: #999999;\"><a href=\"https:\/\/www.kurcelik.com.tr\/wp-content\/uploads\/2024\/12\/Uygunluk-Sertifikasi.pdf\">KUR\u00c7EL\u0130K_Compliance_Certificates~<\/a> PDF (1.90 MB)<\/small>[\/vc_column_text][\/vc_column][\/vc_row][vc_row type=&#8221;container&#8221;][vc_column][vc_empty_space][\/vc_column][\/vc_row]<\/p>\n","protected":false},"excerpt":{"rendered":"<p>[vc_row type=&#8221;container&#8221; padding_top=&#8221;&#8221; padding_bottom=&#8221;&#8221; css=&#8221;.vc_custom_1451769709272{margin-bottom: 20px !important;padding-top: 30px !important;}&#8221;][vc_column width=&#8221;1\/6&#8243;][\/vc_column][vc_column width=&#8221;2\/3&#8243;][vc_column_text] Documentation Archive Download and view our brochures and guides offline. You may need a PDF reader such as Adobe Acrobat installed on your Mac or PC to view them. [\/vc_column_text][\/vc_column][vc_column width=&#8221;1\/6&#8243;][\/vc_column][\/vc_row][vc_row type=&#8221;container&#8221; padding_top=&#8221;&#8221; padding_bottom=&#8221;&#8221; css=&#8221;.vc_custom_1448554138292{margin-bottom: 0px !important;}&#8221;][vc_column width=&#8221;1\/2&#8243; el_class=&#8221;download&#8221; css=&#8221;.vc_custom_1448899402866{margin-bottom: 35px !important;}&#8221;][vc_raw_html]PGkgY2xhc3M9Imlvbi1pb3MtY29weS1vdXRsaW5lIj48L2k+[\/vc_raw_html][vc_column_text css=&#8221;.vc_custom_1732035495711{margin-bottom: 10px [&hellip;]<\/p>\n","protected":false},"author":1,"featured_media":71560,"parent":0,"menu_order":0,"comment_status":"closed","ping_status":"closed","template":"page-full-width.php","meta":{"_acf_changed":false,"footnotes":""},"class_list":["post-71688","page","type-page","status-publish","has-post-thumbnail","hentry"],"acf":[],"yoast_head":"<!-- This site is optimized with the Yoast SEO plugin v24.2 - https:\/\/yoast.com\/wordpress\/plugins\/seo\/ -->\n<title>Downloads - KURCELIK<\/title>\n<meta name=\"description\" content=\"You can easily access documents, catalogs and technical information about all products and services offered by Kur\u00e7elik from our downloadable files section.\" \/>\n<meta name=\"robots\" content=\"index, follow, max-snippet:-1, max-image-preview:large, max-video-preview:-1\" \/>\n<link rel=\"canonical\" href=\"https:\/\/www.kurcelik.com.tr\/en\/downloads\/\" \/>\n<meta property=\"og:locale\" content=\"en_US\" \/>\n<meta property=\"og:type\" content=\"article\" \/>\n<meta property=\"og:title\" content=\"Downloads - KURCELIK\" \/>\n<meta property=\"og:description\" content=\"You can easily access documents, catalogs and technical information about all products and services offered by Kur\u00e7elik from our downloadable files section.\" \/>\n<meta property=\"og:url\" content=\"https:\/\/www.kurcelik.com.tr\/en\/downloads\/\" \/>\n<meta property=\"og:site_name\" content=\"KURCELIK\" \/>\n<meta property=\"article:publisher\" content=\"https:\/\/www.facebook.com\/p\/Kurelik-A-100066918174298\" \/>\n<meta property=\"article:modified_time\" content=\"2025-02-09T20:26:56+00:00\" \/>\n<meta property=\"og:image\" content=\"https:\/\/www.kurcelik.com.tr\/wp-content\/uploads\/2024\/11\/download.jpg\" \/>\n\t<meta property=\"og:image:width\" content=\"1500\" \/>\n\t<meta property=\"og:image:height\" content=\"650\" \/>\n\t<meta property=\"og:image:type\" content=\"image\/jpeg\" \/>\n<meta name=\"twitter:card\" content=\"summary_large_image\" \/>\n<meta name=\"twitter:site\" content=\"@kurcelikmachine\" \/>\n<meta name=\"twitter:label1\" content=\"Est. reading time\" \/>\n\t<meta name=\"twitter:data1\" content=\"3 minutes\" \/>\n<script type=\"application\/ld+json\" class=\"yoast-schema-graph\">{\"@context\":\"https:\/\/schema.org\",\"@graph\":[{\"@type\":\"WebPage\",\"@id\":\"https:\/\/www.kurcelik.com.tr\/en\/downloads\/\",\"url\":\"https:\/\/www.kurcelik.com.tr\/en\/downloads\/\",\"name\":\"Downloads - KURCELIK\",\"isPartOf\":{\"@id\":\"https:\/\/www.kurcelik.com.tr\/en\/#website\"},\"primaryImageOfPage\":{\"@id\":\"https:\/\/www.kurcelik.com.tr\/en\/downloads\/#primaryimage\"},\"image\":{\"@id\":\"https:\/\/www.kurcelik.com.tr\/en\/downloads\/#primaryimage\"},\"thumbnailUrl\":\"https:\/\/www.kurcelik.com.tr\/wp-content\/uploads\/2024\/11\/download.jpg\",\"datePublished\":\"2015-11-26T14:00:53+00:00\",\"dateModified\":\"2025-02-09T20:26:56+00:00\",\"description\":\"You can easily access documents, catalogs and technical information about all products and services offered by Kur\u00e7elik from our downloadable files section.\",\"breadcrumb\":{\"@id\":\"https:\/\/www.kurcelik.com.tr\/en\/downloads\/#breadcrumb\"},\"inLanguage\":\"en-US\",\"potentialAction\":[{\"@type\":\"ReadAction\",\"target\":[\"https:\/\/www.kurcelik.com.tr\/en\/downloads\/\"]}]},{\"@type\":\"ImageObject\",\"inLanguage\":\"en-US\",\"@id\":\"https:\/\/www.kurcelik.com.tr\/en\/downloads\/#primaryimage\",\"url\":\"https:\/\/www.kurcelik.com.tr\/wp-content\/uploads\/2024\/11\/download.jpg\",\"contentUrl\":\"https:\/\/www.kurcelik.com.tr\/wp-content\/uploads\/2024\/11\/download.jpg\",\"width\":1500,\"height\":650},{\"@type\":\"BreadcrumbList\",\"@id\":\"https:\/\/www.kurcelik.com.tr\/en\/downloads\/#breadcrumb\",\"itemListElement\":[{\"@type\":\"ListItem\",\"position\":1,\"name\":\"Home\",\"item\":\"https:\/\/www.kurcelik.com.tr\/en\/home-page\/\"},{\"@type\":\"ListItem\",\"position\":2,\"name\":\"Downloads\"}]},{\"@type\":\"WebSite\",\"@id\":\"https:\/\/www.kurcelik.com.tr\/en\/#website\",\"url\":\"https:\/\/www.kurcelik.com.tr\/en\/\",\"name\":\"Kurcelik\",\"description\":\"Kurcelik\",\"publisher\":{\"@id\":\"https:\/\/www.kurcelik.com.tr\/en\/#organization\"},\"potentialAction\":[{\"@type\":\"SearchAction\",\"target\":{\"@type\":\"EntryPoint\",\"urlTemplate\":\"https:\/\/www.kurcelik.com.tr\/en\/?s={search_term_string}\"},\"query-input\":{\"@type\":\"PropertyValueSpecification\",\"valueRequired\":true,\"valueName\":\"search_term_string\"}}],\"inLanguage\":\"en-US\"},{\"@type\":\"Organization\",\"@id\":\"https:\/\/www.kurcelik.com.tr\/en\/#organization\",\"name\":\"Kurcelik\",\"url\":\"https:\/\/www.kurcelik.com.tr\/en\/\",\"logo\":{\"@type\":\"ImageObject\",\"inLanguage\":\"en-US\",\"@id\":\"https:\/\/www.kurcelik.com.tr\/en\/#\/schema\/logo\/image\/\",\"url\":\"\",\"contentUrl\":\"\",\"caption\":\"Kurcelik\"},\"image\":{\"@id\":\"https:\/\/www.kurcelik.com.tr\/en\/#\/schema\/logo\/image\/\"},\"sameAs\":[\"https:\/\/www.facebook.com\/p\/Kurelik-A-100066918174298\",\"https:\/\/x.com\/kurcelikmachine\",\"https:\/\/www.linkedin.com\/company\/kurelik-makina-a-\",\"https:\/\/www.instagram.com\/kurcelikmakine\"]}]}<\/script>\n<!-- \/ Yoast SEO plugin. -->","yoast_head_json":{"title":"Downloads - KURCELIK","description":"You can easily access documents, catalogs and technical information about all products and services offered by Kur\u00e7elik from our downloadable files section.","robots":{"index":"index","follow":"follow","max-snippet":"max-snippet:-1","max-image-preview":"max-image-preview:large","max-video-preview":"max-video-preview:-1"},"canonical":"https:\/\/www.kurcelik.com.tr\/en\/downloads\/","og_locale":"en_US","og_type":"article","og_title":"Downloads - KURCELIK","og_description":"You can easily access documents, catalogs and technical information about all products and services offered by Kur\u00e7elik from our downloadable files section.","og_url":"https:\/\/www.kurcelik.com.tr\/en\/downloads\/","og_site_name":"KURCELIK","article_publisher":"https:\/\/www.facebook.com\/p\/Kurelik-A-100066918174298","article_modified_time":"2025-02-09T20:26:56+00:00","og_image":[{"width":1500,"height":650,"url":"https:\/\/www.kurcelik.com.tr\/wp-content\/uploads\/2024\/11\/download.jpg","type":"image\/jpeg"}],"twitter_card":"summary_large_image","twitter_site":"@kurcelikmachine","twitter_misc":{"Est. reading time":"3 minutes"},"schema":{"@context":"https:\/\/schema.org","@graph":[{"@type":"WebPage","@id":"https:\/\/www.kurcelik.com.tr\/en\/downloads\/","url":"https:\/\/www.kurcelik.com.tr\/en\/downloads\/","name":"Downloads - KURCELIK","isPartOf":{"@id":"https:\/\/www.kurcelik.com.tr\/en\/#website"},"primaryImageOfPage":{"@id":"https:\/\/www.kurcelik.com.tr\/en\/downloads\/#primaryimage"},"image":{"@id":"https:\/\/www.kurcelik.com.tr\/en\/downloads\/#primaryimage"},"thumbnailUrl":"https:\/\/www.kurcelik.com.tr\/wp-content\/uploads\/2024\/11\/download.jpg","datePublished":"2015-11-26T14:00:53+00:00","dateModified":"2025-02-09T20:26:56+00:00","description":"You can easily access documents, catalogs and technical information about all products and services offered by Kur\u00e7elik from our downloadable files section.","breadcrumb":{"@id":"https:\/\/www.kurcelik.com.tr\/en\/downloads\/#breadcrumb"},"inLanguage":"en-US","potentialAction":[{"@type":"ReadAction","target":["https:\/\/www.kurcelik.com.tr\/en\/downloads\/"]}]},{"@type":"ImageObject","inLanguage":"en-US","@id":"https:\/\/www.kurcelik.com.tr\/en\/downloads\/#primaryimage","url":"https:\/\/www.kurcelik.com.tr\/wp-content\/uploads\/2024\/11\/download.jpg","contentUrl":"https:\/\/www.kurcelik.com.tr\/wp-content\/uploads\/2024\/11\/download.jpg","width":1500,"height":650},{"@type":"BreadcrumbList","@id":"https:\/\/www.kurcelik.com.tr\/en\/downloads\/#breadcrumb","itemListElement":[{"@type":"ListItem","position":1,"name":"Home","item":"https:\/\/www.kurcelik.com.tr\/en\/home-page\/"},{"@type":"ListItem","position":2,"name":"Downloads"}]},{"@type":"WebSite","@id":"https:\/\/www.kurcelik.com.tr\/en\/#website","url":"https:\/\/www.kurcelik.com.tr\/en\/","name":"Kurcelik","description":"Kurcelik","publisher":{"@id":"https:\/\/www.kurcelik.com.tr\/en\/#organization"},"potentialAction":[{"@type":"SearchAction","target":{"@type":"EntryPoint","urlTemplate":"https:\/\/www.kurcelik.com.tr\/en\/?s={search_term_string}"},"query-input":{"@type":"PropertyValueSpecification","valueRequired":true,"valueName":"search_term_string"}}],"inLanguage":"en-US"},{"@type":"Organization","@id":"https:\/\/www.kurcelik.com.tr\/en\/#organization","name":"Kurcelik","url":"https:\/\/www.kurcelik.com.tr\/en\/","logo":{"@type":"ImageObject","inLanguage":"en-US","@id":"https:\/\/www.kurcelik.com.tr\/en\/#\/schema\/logo\/image\/","url":"","contentUrl":"","caption":"Kurcelik"},"image":{"@id":"https:\/\/www.kurcelik.com.tr\/en\/#\/schema\/logo\/image\/"},"sameAs":["https:\/\/www.facebook.com\/p\/Kurelik-A-100066918174298","https:\/\/x.com\/kurcelikmachine","https:\/\/www.linkedin.com\/company\/kurelik-makina-a-","https:\/\/www.instagram.com\/kurcelikmakine"]}]}},"_links":{"self":[{"href":"https:\/\/www.kurcelik.com.tr\/en\/wp-json\/wp\/v2\/pages\/71688","targetHints":{"allow":["GET"]}}],"collection":[{"href":"https:\/\/www.kurcelik.com.tr\/en\/wp-json\/wp\/v2\/pages"}],"about":[{"href":"https:\/\/www.kurcelik.com.tr\/en\/wp-json\/wp\/v2\/types\/page"}],"author":[{"embeddable":true,"href":"https:\/\/www.kurcelik.com.tr\/en\/wp-json\/wp\/v2\/users\/1"}],"replies":[{"embeddable":true,"href":"https:\/\/www.kurcelik.com.tr\/en\/wp-json\/wp\/v2\/comments?post=71688"}],"version-history":[{"count":4,"href":"https:\/\/www.kurcelik.com.tr\/en\/wp-json\/wp\/v2\/pages\/71688\/revisions"}],"predecessor-version":[{"id":71697,"href":"https:\/\/www.kurcelik.com.tr\/en\/wp-json\/wp\/v2\/pages\/71688\/revisions\/71697"}],"wp:featuredmedia":[{"embeddable":true,"href":"https:\/\/www.kurcelik.com.tr\/en\/wp-json\/wp\/v2\/media\/71560"}],"wp:attachment":[{"href":"https:\/\/www.kurcelik.com.tr\/en\/wp-json\/wp\/v2\/media?parent=71688"}],"curies":[{"name":"wp","href":"https:\/\/api.w.org\/{rel}","templated":true}]}}