{"id":71736,"date":"2015-10-07T17:11:55","date_gmt":"2015-10-07T17:11:55","guid":{"rendered":"https:\/\/www.kurcelik.com.tr\/about-us\/"},"modified":"2025-04-11T13:17:18","modified_gmt":"2025-04-11T13:17:18","slug":"about-us","status":"publish","type":"page","link":"https:\/\/www.kurcelik.com.tr\/en\/about-us\/","title":{"rendered":"About Us"},"content":{"rendered":"<p>[vc_row type=&#8221;container&#8221; padding_top=&#8221;&#8221; padding_bottom=&#8221;&#8221; css=&#8221;.vc_custom_1451761032806{padding-top: 50px !important;}&#8221;][vc_column width=&#8221;1\/2&#8243; css=&#8221;.vc_custom_1449147431196{margin-bottom: 35px !important;}&#8221;][vc_column_text css=&#8221;.vc_custom_1732225102870{padding-right: 10px !important;}&#8221;]<\/p>\n<h3 style=\"margin-top: 0px;\">For the Best, We Work Harder.<\/h3>\n<p>Founded in 1993 as a family partnership in Bursa, our company continues its activities as KUR\u00c7EL\u0130K MAK\u0130NA A.\u015e. in 2003 as a natural result of growth and development with a new production understanding and quality vision in line with the dream of domestic machinery production at international standards.<\/p>\n<p>The primary main sector in which we provide machinery production and services is the Wood Industry. Since 2003, our company has accomplished many successful projects internationally with its exports to different countries of Europe, Asia and the Middle East for chipboard, MDF and OSB facilities and nationally with its services in domestic investments. With the advantage of our long years of experience, we supply Transportation, Storage, Feeding, Shredding, Separation and Discharging Systems, Pneumatic Lines and Other Systems that the plants need. In addition, we also produce machinery and equipment for the Iron-Steel, Automotive and Mining sectors. We also have project-based production according to special demands.    <\/p>\n<p>In addition to these, KUR\u00c7EL\u0130K, as a leading company producing industrial knives and flaker, chipper and wood chipper machines, increases productivity by offering high performance and durable solutions for the wood industry and produces solutions for manufacturers.<\/p>\n<p>Our people-oriented approach forms the basis of our success as KUR\u00c7EL\u0130K. We see our employees as part of our family and help them maximize their potential and talents. We aim to add value to the lives of our colleagues, business partners and customers with our culture of transparent communication, mutual respect and continuous development. While building our long-term success on a solid foundation, the happiness and safety of our employees is always our top priority.   <\/p>\n<p>Our quality policy is to increase our production range, to continuously improve our quality, to fully meet the needs and expectations of our customers, to implement the quality management system effectively, to become a brand in national and international markets by providing the growth we aim in our sector.<br \/>\nWith our determination in our quality policy, we will continue to work and produce without leaving reliability.[\/vc_column_text][\/vc_column][vc_column width=&#8221;1\/2&#8243; css=&#8221;.vc_custom_1451760818909{padding-top: 14px !important;}&#8221;][vc_single_image image=&#8221;71281&#8243; img_size=&#8221;full&#8221;][vc_row_inner css=&#8221;.vc_custom_1449574756848{margin-bottom: 0px !important;}&#8221;][vc_column_inner width=&#8221;1\/2&#8243;][vc_single_image image=&#8221;71214&#8243; img_size=&#8221;full&#8221;][\/vc_column_inner][vc_column_inner width=&#8221;1\/2&#8243; css=&#8221;.vc_custom_1449574764907{margin-bottom: 35px !important;}&#8221;][vc_single_image image=&#8221;71215&#8243; img_size=&#8221;full&#8221;][\/vc_column_inner][\/vc_row_inner][vc_video link=&#8221;https:\/\/www.youtube.com\/watch?v=ZRBUMeR2gqA&amp;t=128s&amp;pp=ygUIa3VyY2VsaWs%3D&#8221;][\/vc_column][\/vc_row][vc_row type=&#8221;full_page_width_inner_container&#8221; padding_top=&#8221;&#8221; padding_bottom=&#8221;&#8221; css=&#8221;.vc_custom_1729359788124{margin-bottom: 0px !important;padding-top: 20px !important;padding-bottom: 20px !important;background-color: #1e79ce !important;}&#8221;][vc_column width=&#8221;1\/6&#8243;][\/vc_column][vc_column width=&#8221;2\/3&#8243;][vc_column_text]<\/p>\n<h3 style=\"text-align: center;\"><span class=\"quote\">&#8220;For the best, we work harder, the most perfect domestic production with high quality and less cost<\/span><span class=\"quote\">&#8220;<\/span><\/h3>\n<p>[\/vc_column_text][\/vc_column][vc_column width=&#8221;1\/6&#8243;][\/vc_column][\/vc_row][vc_row type=&#8221;full_page_width_inner_container&#8221; padding_top=&#8221;&#8221; padding_bottom=&#8221;&#8221; css=&#8221;.vc_custom_1513591251029{padding-top: 40px !important;padding-bottom: 20px !important;background-color: #1c1c1c !important;background-position: center !important;background-repeat: no-repeat !important;background-size: cover !important;}&#8221;][vc_column css=&#8221;.vc_custom_1445098522820{margin-bottom: 35px !important;}&#8221;][vc_row_inner css=&#8221;.vc_custom_1451761217059{margin-bottom: -5px !important;}&#8221;][vc_column_inner css=&#8221;.vc_custom_1451761129434{margin-bottom: 0px !important;}&#8221;][vc_column_text]<\/p>\n<h3 style=\"text-align: center;\"><span style=\"color: #ffffff;\">Governance<\/span><\/h3>\n<p>[\/vc_column_text][\/vc_column_inner][\/vc_row_inner][vc_row_inner][vc_column_inner width=&#8221;1\/4&#8243; css=&#8221;.vc_custom_1451775570510{margin-bottom: 0px !important;}&#8221;][vc_column_text css=&#8221;.vc_custom_1731046524467{margin-bottom: 20px !important;}&#8221;]<\/p>\n<h4><span style=\"color: #ffffff;\">Etem KURUMAHMUT<\/span><\/h4>\n<h6 style=\"margin-top: -10px; margin-bottom: 12px;\"><span style=\"color: #ffffff;\">CEO and Board of Directors<\/span><\/h6>\n<h6><span style=\"color: #cccccc;\">Founder and Chairman of the Board of Directors of Kur\u00e7elik A.\u015e.<\/span><\/h6>\n<p>[\/vc_column_text][\/vc_column_inner][vc_column_inner width=&#8221;1\/4&#8243; css=&#8221;.vc_custom_1451775579815{margin-bottom: 0px !important;}&#8221;][vc_column_text css=&#8221;.vc_custom_1731046753660{margin-bottom: 20px !important;}&#8221;]<\/p>\n<h4><span style=\"color: #ffffff;\">Davut KURUMAHMUT<\/span><\/h4>\n<h6 style=\"margin-top: -10px; margin-bottom: 12px;\"><span style=\"color: #ffffff;\">Board Member<\/span><\/h6>\n<h6><span style=\"color: #cccccc;\">Purchasing and Business Development Director<\/span><\/h6>\n<p>[\/vc_column_text][\/vc_column_inner][vc_column_inner width=&#8221;1\/4&#8243; css=&#8221;.vc_custom_1451775587297{margin-bottom: 0px !important;}&#8221;][vc_column_text css=&#8221;.vc_custom_1744377183611{margin-bottom: 20px !important;}&#8221;]<\/p>\n<h4><span style=\"color: #ffffff;\">Meryem KURUMAHMUT<\/span><\/h4>\n<h6 style=\"margin-top: -10px; margin-bottom: 12px;\"><span style=\"color: #ffffff;\">Board Member  <\/span><\/h6>\n<h6><span style=\"color: #cccccc;\">Mechanical and Welding Engineer<\/span><\/h6>\n<p>[\/vc_column_text][\/vc_column_inner][vc_column_inner width=&#8221;1\/4&#8243; css=&#8221;.vc_custom_1451775595000{margin-bottom: 0px !important;}&#8221;][vc_column_text css=&#8221;.vc_custom_1744377246707{margin-bottom: 20px !important;}&#8221;]<\/p>\n<h4><span style=\"color: #ffffff;\">M\u00fcge KURUMAHMUT<\/span><\/h4>\n<h6 style=\"margin-top: -10px; margin-bottom: 12px;\"><span style=\"color: #ffffff;\">Foreign Trade Manager<\/span><\/h6>\n<h6><span style=\"color: #cccccc;\">Export Import Customs Processes<\/span><\/h6>\n<p>[\/vc_column_text][\/vc_column_inner][\/vc_row_inner][vc_row_inner][vc_column_inner width=&#8221;1\/4&#8243; css=&#8221;.vc_custom_1451775824854{margin-bottom: 0px !important;}&#8221;][vc_column_text css=&#8221;.vc_custom_1744377380587{margin-bottom: 20px !important;}&#8221;]<\/p>\n<h4><span style=\"color: #ffffff;\">Kenan SUNAY<\/span><\/h4>\n<h6 style=\"margin-top: -10px; margin-bottom: 12px;\"><span style=\"color: #ffffff;\">Factory Manager<\/span><\/h6>\n<h6><span style=\"color: #cccccc;\">Production Processes and Organization<\/span><\/h6>\n<p>[\/vc_column_text][\/vc_column_inner][vc_column_inner width=&#8221;1\/4&#8243; css=&#8221;.vc_custom_1451775846919{margin-bottom: 0px !important;}&#8221;][vc_column_text css=&#8221;.vc_custom_1732047612099{margin-bottom: 20px !important;}&#8221;]<\/p>\n<h4><span style=\"color: #ffffff;\">Ahmet TARHAN<\/span><\/h4>\n<h6 style=\"margin-top: -10px; margin-bottom: 12px;\"><span style=\"color: #ffffff;\">Mechanical Engineer<\/span><\/h6>\n<h6><span style=\"color: #cccccc;\">Production and Quality Responsible<\/span><\/h6>\n<p>[\/vc_column_text][\/vc_column_inner][vc_column_inner width=&#8221;1\/4&#8243; css=&#8221;.vc_custom_1451775864183{margin-bottom: 0px !important;}&#8221;][vc_column_text css=&#8221;.vc_custom_1732047639178{margin-bottom: 20px !important;}&#8221;]<\/p>\n<h4><span style=\"color: #ffffff;\">Batuhan \u00d6GE<\/span><\/h4>\n<h6 style=\"margin-top: -10px; margin-bottom: 12px;\"><span style=\"color: #ffffff;\">Mechanical Engineer<\/span><\/h6>\n<h6><span style=\"color: #cccccc;\">Logistics Officer<\/span><\/h6>\n<p>[\/vc_column_text][\/vc_column_inner][\/vc_row_inner][\/vc_column][\/vc_row]<\/p>\n","protected":false},"excerpt":{"rendered":"<p>[vc_row type=&#8221;container&#8221; padding_top=&#8221;&#8221; padding_bottom=&#8221;&#8221; css=&#8221;.vc_custom_1451761032806{padding-top: 50px !important;}&#8221;][vc_column width=&#8221;1\/2&#8243; css=&#8221;.vc_custom_1449147431196{margin-bottom: 35px !important;}&#8221;][vc_column_text css=&#8221;.vc_custom_1732225102870{padding-right: 10px !important;}&#8221;] For the Best, We Work Harder. Founded in 1993 as a family partnership in Bursa, our company continues its activities as KUR\u00c7EL\u0130K MAK\u0130NA A.\u015e. in 2003 as a natural result of growth and development with a new production understanding and quality [&hellip;]<\/p>\n","protected":false},"author":1,"featured_media":71498,"parent":0,"menu_order":0,"comment_status":"closed","ping_status":"closed","template":"page-full-width.php","meta":{"_acf_changed":false,"footnotes":""},"class_list":["post-71736","page","type-page","status-publish","has-post-thumbnail","hentry"],"acf":[],"yoast_head":"<!-- This site is optimized with the Yoast SEO plugin v24.2 - https:\/\/yoast.com\/wordpress\/plugins\/seo\/ -->\n<title>About Us - KURCELIK<\/title>\n<meta name=\"description\" content=\"KUR\u00c7EL\u0130K MAK\u0130NA A.\u015e. The primary main sector where we provide machinery production and service is the Wood Industry. We supply Transportation, Storage, Feeding, Shredding, Separation and Unloading Systems, Pneumatic Lines and Other systems required by the facilities.\" \/>\n<meta name=\"robots\" content=\"index, follow, max-snippet:-1, max-image-preview:large, max-video-preview:-1\" \/>\n<link rel=\"canonical\" href=\"https:\/\/www.kurcelik.com.tr\/en\/about-us\/\" \/>\n<meta property=\"og:locale\" content=\"en_US\" \/>\n<meta property=\"og:type\" content=\"article\" \/>\n<meta property=\"og:title\" content=\"About Us - KURCELIK\" \/>\n<meta property=\"og:description\" content=\"KUR\u00c7EL\u0130K MAK\u0130NA A.\u015e. The primary main sector where we provide machinery production and service is the Wood Industry. We supply Transportation, Storage, Feeding, Shredding, Separation and Unloading Systems, Pneumatic Lines and Other systems required by the facilities.\" \/>\n<meta property=\"og:url\" content=\"https:\/\/www.kurcelik.com.tr\/en\/about-us\/\" \/>\n<meta property=\"og:site_name\" content=\"KURCELIK\" \/>\n<meta property=\"article:publisher\" content=\"https:\/\/www.facebook.com\/p\/Kurelik-A-100066918174298\" \/>\n<meta property=\"article:modified_time\" content=\"2025-04-11T13:17:18+00:00\" \/>\n<meta property=\"og:image\" content=\"https:\/\/www.kurcelik.com.tr\/wp-content\/uploads\/2024\/10\/hakkimizda.jpg\" \/>\n\t<meta property=\"og:image:width\" content=\"1300\" \/>\n\t<meta property=\"og:image:height\" content=\"650\" \/>\n\t<meta property=\"og:image:type\" content=\"image\/jpeg\" \/>\n<meta name=\"twitter:card\" content=\"summary_large_image\" \/>\n<meta name=\"twitter:site\" content=\"@kurcelikmachine\" \/>\n<meta name=\"twitter:label1\" content=\"Est. reading time\" \/>\n\t<meta name=\"twitter:data1\" content=\"4 minutes\" \/>\n<script type=\"application\/ld+json\" class=\"yoast-schema-graph\">{\"@context\":\"https:\/\/schema.org\",\"@graph\":[{\"@type\":\"WebPage\",\"@id\":\"https:\/\/www.kurcelik.com.tr\/en\/about-us\/\",\"url\":\"https:\/\/www.kurcelik.com.tr\/en\/about-us\/\",\"name\":\"About Us - KURCELIK\",\"isPartOf\":{\"@id\":\"https:\/\/www.kurcelik.com.tr\/en\/#website\"},\"primaryImageOfPage\":{\"@id\":\"https:\/\/www.kurcelik.com.tr\/en\/about-us\/#primaryimage\"},\"image\":{\"@id\":\"https:\/\/www.kurcelik.com.tr\/en\/about-us\/#primaryimage\"},\"thumbnailUrl\":\"https:\/\/www.kurcelik.com.tr\/wp-content\/uploads\/2024\/10\/hakkimizda.jpg\",\"datePublished\":\"2015-10-07T17:11:55+00:00\",\"dateModified\":\"2025-04-11T13:17:18+00:00\",\"description\":\"KUR\u00c7EL\u0130K MAK\u0130NA A.\u015e. The primary main sector where we provide machinery production and service is the Wood Industry. We supply Transportation, Storage, Feeding, Shredding, Separation and Unloading Systems, Pneumatic Lines and Other systems required by the facilities.\",\"breadcrumb\":{\"@id\":\"https:\/\/www.kurcelik.com.tr\/en\/about-us\/#breadcrumb\"},\"inLanguage\":\"en-US\",\"potentialAction\":[{\"@type\":\"ReadAction\",\"target\":[\"https:\/\/www.kurcelik.com.tr\/en\/about-us\/\"]}]},{\"@type\":\"ImageObject\",\"inLanguage\":\"en-US\",\"@id\":\"https:\/\/www.kurcelik.com.tr\/en\/about-us\/#primaryimage\",\"url\":\"https:\/\/www.kurcelik.com.tr\/wp-content\/uploads\/2024\/10\/hakkimizda.jpg\",\"contentUrl\":\"https:\/\/www.kurcelik.com.tr\/wp-content\/uploads\/2024\/10\/hakkimizda.jpg\",\"width\":1300,\"height\":650},{\"@type\":\"BreadcrumbList\",\"@id\":\"https:\/\/www.kurcelik.com.tr\/en\/about-us\/#breadcrumb\",\"itemListElement\":[{\"@type\":\"ListItem\",\"position\":1,\"name\":\"Home\",\"item\":\"https:\/\/www.kurcelik.com.tr\/en\/home-page\/\"},{\"@type\":\"ListItem\",\"position\":2,\"name\":\"About Us\"}]},{\"@type\":\"WebSite\",\"@id\":\"https:\/\/www.kurcelik.com.tr\/en\/#website\",\"url\":\"https:\/\/www.kurcelik.com.tr\/en\/\",\"name\":\"Kurcelik\",\"description\":\"Kurcelik\",\"publisher\":{\"@id\":\"https:\/\/www.kurcelik.com.tr\/en\/#organization\"},\"potentialAction\":[{\"@type\":\"SearchAction\",\"target\":{\"@type\":\"EntryPoint\",\"urlTemplate\":\"https:\/\/www.kurcelik.com.tr\/en\/?s={search_term_string}\"},\"query-input\":{\"@type\":\"PropertyValueSpecification\",\"valueRequired\":true,\"valueName\":\"search_term_string\"}}],\"inLanguage\":\"en-US\"},{\"@type\":\"Organization\",\"@id\":\"https:\/\/www.kurcelik.com.tr\/en\/#organization\",\"name\":\"Kurcelik\",\"url\":\"https:\/\/www.kurcelik.com.tr\/en\/\",\"logo\":{\"@type\":\"ImageObject\",\"inLanguage\":\"en-US\",\"@id\":\"https:\/\/www.kurcelik.com.tr\/en\/#\/schema\/logo\/image\/\",\"url\":\"\",\"contentUrl\":\"\",\"caption\":\"Kurcelik\"},\"image\":{\"@id\":\"https:\/\/www.kurcelik.com.tr\/en\/#\/schema\/logo\/image\/\"},\"sameAs\":[\"https:\/\/www.facebook.com\/p\/Kurelik-A-100066918174298\",\"https:\/\/x.com\/kurcelikmachine\",\"https:\/\/www.linkedin.com\/company\/kurelik-makina-a-\",\"https:\/\/www.instagram.com\/kurcelikmakine\"]}]}<\/script>\n<!-- \/ Yoast SEO plugin. -->","yoast_head_json":{"title":"About Us - KURCELIK","description":"KUR\u00c7EL\u0130K MAK\u0130NA A.\u015e. The primary main sector where we provide machinery production and service is the Wood Industry. We supply Transportation, Storage, Feeding, Shredding, Separation and Unloading Systems, Pneumatic Lines and Other systems required by the facilities.","robots":{"index":"index","follow":"follow","max-snippet":"max-snippet:-1","max-image-preview":"max-image-preview:large","max-video-preview":"max-video-preview:-1"},"canonical":"https:\/\/www.kurcelik.com.tr\/en\/about-us\/","og_locale":"en_US","og_type":"article","og_title":"About Us - KURCELIK","og_description":"KUR\u00c7EL\u0130K MAK\u0130NA A.\u015e. The primary main sector where we provide machinery production and service is the Wood Industry. We supply Transportation, Storage, Feeding, Shredding, Separation and Unloading Systems, Pneumatic Lines and Other systems required by the facilities.","og_url":"https:\/\/www.kurcelik.com.tr\/en\/about-us\/","og_site_name":"KURCELIK","article_publisher":"https:\/\/www.facebook.com\/p\/Kurelik-A-100066918174298","article_modified_time":"2025-04-11T13:17:18+00:00","og_image":[{"width":1300,"height":650,"url":"https:\/\/www.kurcelik.com.tr\/wp-content\/uploads\/2024\/10\/hakkimizda.jpg","type":"image\/jpeg"}],"twitter_card":"summary_large_image","twitter_site":"@kurcelikmachine","twitter_misc":{"Est. reading time":"4 minutes"},"schema":{"@context":"https:\/\/schema.org","@graph":[{"@type":"WebPage","@id":"https:\/\/www.kurcelik.com.tr\/en\/about-us\/","url":"https:\/\/www.kurcelik.com.tr\/en\/about-us\/","name":"About Us - KURCELIK","isPartOf":{"@id":"https:\/\/www.kurcelik.com.tr\/en\/#website"},"primaryImageOfPage":{"@id":"https:\/\/www.kurcelik.com.tr\/en\/about-us\/#primaryimage"},"image":{"@id":"https:\/\/www.kurcelik.com.tr\/en\/about-us\/#primaryimage"},"thumbnailUrl":"https:\/\/www.kurcelik.com.tr\/wp-content\/uploads\/2024\/10\/hakkimizda.jpg","datePublished":"2015-10-07T17:11:55+00:00","dateModified":"2025-04-11T13:17:18+00:00","description":"KUR\u00c7EL\u0130K MAK\u0130NA A.\u015e. The primary main sector where we provide machinery production and service is the Wood Industry. We supply Transportation, Storage, Feeding, Shredding, Separation and Unloading Systems, Pneumatic Lines and Other systems required by the facilities.","breadcrumb":{"@id":"https:\/\/www.kurcelik.com.tr\/en\/about-us\/#breadcrumb"},"inLanguage":"en-US","potentialAction":[{"@type":"ReadAction","target":["https:\/\/www.kurcelik.com.tr\/en\/about-us\/"]}]},{"@type":"ImageObject","inLanguage":"en-US","@id":"https:\/\/www.kurcelik.com.tr\/en\/about-us\/#primaryimage","url":"https:\/\/www.kurcelik.com.tr\/wp-content\/uploads\/2024\/10\/hakkimizda.jpg","contentUrl":"https:\/\/www.kurcelik.com.tr\/wp-content\/uploads\/2024\/10\/hakkimizda.jpg","width":1300,"height":650},{"@type":"BreadcrumbList","@id":"https:\/\/www.kurcelik.com.tr\/en\/about-us\/#breadcrumb","itemListElement":[{"@type":"ListItem","position":1,"name":"Home","item":"https:\/\/www.kurcelik.com.tr\/en\/home-page\/"},{"@type":"ListItem","position":2,"name":"About Us"}]},{"@type":"WebSite","@id":"https:\/\/www.kurcelik.com.tr\/en\/#website","url":"https:\/\/www.kurcelik.com.tr\/en\/","name":"Kurcelik","description":"Kurcelik","publisher":{"@id":"https:\/\/www.kurcelik.com.tr\/en\/#organization"},"potentialAction":[{"@type":"SearchAction","target":{"@type":"EntryPoint","urlTemplate":"https:\/\/www.kurcelik.com.tr\/en\/?s={search_term_string}"},"query-input":{"@type":"PropertyValueSpecification","valueRequired":true,"valueName":"search_term_string"}}],"inLanguage":"en-US"},{"@type":"Organization","@id":"https:\/\/www.kurcelik.com.tr\/en\/#organization","name":"Kurcelik","url":"https:\/\/www.kurcelik.com.tr\/en\/","logo":{"@type":"ImageObject","inLanguage":"en-US","@id":"https:\/\/www.kurcelik.com.tr\/en\/#\/schema\/logo\/image\/","url":"","contentUrl":"","caption":"Kurcelik"},"image":{"@id":"https:\/\/www.kurcelik.com.tr\/en\/#\/schema\/logo\/image\/"},"sameAs":["https:\/\/www.facebook.com\/p\/Kurelik-A-100066918174298","https:\/\/x.com\/kurcelikmachine","https:\/\/www.linkedin.com\/company\/kurelik-makina-a-","https:\/\/www.instagram.com\/kurcelikmakine"]}]}},"_links":{"self":[{"href":"https:\/\/www.kurcelik.com.tr\/en\/wp-json\/wp\/v2\/pages\/71736","targetHints":{"allow":["GET"]}}],"collection":[{"href":"https:\/\/www.kurcelik.com.tr\/en\/wp-json\/wp\/v2\/pages"}],"about":[{"href":"https:\/\/www.kurcelik.com.tr\/en\/wp-json\/wp\/v2\/types\/page"}],"author":[{"embeddable":true,"href":"https:\/\/www.kurcelik.com.tr\/en\/wp-json\/wp\/v2\/users\/1"}],"replies":[{"embeddable":true,"href":"https:\/\/www.kurcelik.com.tr\/en\/wp-json\/wp\/v2\/comments?post=71736"}],"version-history":[{"count":7,"href":"https:\/\/www.kurcelik.com.tr\/en\/wp-json\/wp\/v2\/pages\/71736\/revisions"}],"predecessor-version":[{"id":71812,"href":"https:\/\/www.kurcelik.com.tr\/en\/wp-json\/wp\/v2\/pages\/71736\/revisions\/71812"}],"wp:featuredmedia":[{"embeddable":true,"href":"https:\/\/www.kurcelik.com.tr\/en\/wp-json\/wp\/v2\/media\/71498"}],"wp:attachment":[{"href":"https:\/\/www.kurcelik.com.tr\/en\/wp-json\/wp\/v2\/media?parent=71736"}],"curies":[{"name":"wp","href":"https:\/\/api.w.org\/{rel}","templated":true}]}}